{"id":1581,"date":"2026-04-13T08:26:13","date_gmt":"2026-04-13T08:26:13","guid":{"rendered":"http:\/\/cmtsomv.cluster121.hosting.ovh.net\/?page_id=1581"},"modified":"2026-04-13T08:34:11","modified_gmt":"2026-04-13T08:34:11","slug":"test-tableaux","status":"publish","type":"page","link":"https:\/\/recette.sysa.fr\/index.php\/test-tableaux\/","title":{"rendered":"test tableaux"},"content":{"rendered":"<div class=\"fusion-fullwidth fullwidth-box fusion-builder-row-1 fusion-flex-container has-pattern-background has-mask-background nonhundred-percent-fullwidth non-hundred-percent-height-scrolling\" style=\"--awb-border-radius-top-left:0px;--awb-border-radius-top-right:0px;--awb-border-radius-bottom-right:0px;--awb-border-radius-bottom-left:0px;--awb-flex-wrap:wrap;\" ><div class=\"fusion-builder-row fusion-row fusion-flex-align-items-flex-start fusion-flex-content-wrap\" style=\"max-width:1248px;margin-left: calc(-4% \/ 2 );margin-right: calc(-4% \/ 2 );\"><div class=\"fusion-layout-column fusion_builder_column fusion-builder-column-0 fusion_builder_column_1_1 1_1 fusion-flex-column\" style=\"--awb-bg-size:cover;--awb-width-large:100%;--awb-margin-top-large:0px;--awb-spacing-right-large:1.92%;--awb-margin-bottom-large:0px;--awb-spacing-left-large:1.92%;--awb-width-medium:100%;--awb-order-medium:0;--awb-spacing-right-medium:1.92%;--awb-spacing-left-medium:1.92%;--awb-width-small:100%;--awb-order-small:0;--awb-spacing-right-small:1.92%;--awb-spacing-left-small:1.92%;\"><div class=\"fusion-column-wrapper fusion-column-has-shadow fusion-flex-justify-content-flex-start fusion-content-layout-column\"><div class=\"awb-toc-el awb-toc-el--1\" data-awb-toc-id=\"1\" data-awb-toc-options=\"{&quot;allowed_heading_tags&quot;:{&quot;h2&quot;:0,&quot;h3&quot;:1,&quot;h4&quot;:2},&quot;ignore_headings&quot;:&quot;&quot;,&quot;ignore_headings_words&quot;:&quot;&quot;,&quot;enable_cache&quot;:&quot;yes&quot;,&quot;highlight_current_heading&quot;:&quot;no&quot;,&quot;hide_hidden_titles&quot;:&quot;yes&quot;,&quot;limit_container&quot;:&quot;all&quot;,&quot;select_custom_headings&quot;:&quot;&quot;,&quot;icon&quot;:&quot;fa-flag fas&quot;,&quot;counter_type&quot;:&quot;none&quot;}\" style=\"--awb-item-padding-right:5px;--awb-item-padding-left:5px;\"><div class=\"awb-toc-el__content\"><ul class=\"awb-toc-el__list awb-toc-el__list--0\"><li class=\"awb-toc-el__list-item\"><a class=\"awb-toc-el__item-anchor\" href=\"#toc_Revue_de_presse\">Revue de presse<\/a><\/li><\/ul><\/div><\/div><style type=\"text\/css\">#fusion-chart-1 .fusion-chart-legend-wrap li:nth-child(1) span{color: #ffffff;}#fusion-chart-1 .fusion-chart-legend-wrap li:nth-child(2) span{color: #ffffff;}#fusion-chart-1 .fusion-chart-legend-wrap li:nth-child(3) span{color: #ffffff;}<\/style><div id=\"fusion-chart-1\" class=\"fusion-chart legend-top\" data-type=\"bar\" data-chart_legend_position=\"top\" data-x_axis_labels=\"Val 1|Val 2|Val 3\" data-show_tooltips=\"yes\" data-bg_colors=\"rgba(0,188,212,1)|rgba(139,195,74,1)|rgba(255,152,0,1)\" data-border_colors=\"rgba(0,188,212,1)|rgba(139,195,74,1)|rgba(255,152,0,1)\" data-border_size=\"1\" data-border_type=\"smooth\" data-chart_fill=\"off\" data-chart_point_style=\"circle\" data-chart_point_size=\"3\" data-chart_axis_text_color=\"rgba(255,255,255,1)\" data-chart_gridline_color=\"rgba(255,255,255,0.1)\"><div class=\"fusion-chart-dataset\" data-label=\"Data Set 1\" data-values=\"5|7|9\" data-background_color=\"rgba(0,188,212,1)\" data-border_color=\"rgba(0,188,212,1)\"><\/div><div class=\"fusion-chart-inner\"><div class=\"fusion-chart-wrap\"><canvas><\/canvas><\/div><div class=\"fusion-chart-legend-wrap\"><\/div><\/div><\/div>\n<section class=\"press-widget\">\n<div class=\"table-1\">\n<div>\n<h2 class=\"press-title\">Revue de presse<\/h2>\n<p class=\"press-subtitle\">Affichage responsive g\u00e9n\u00e9r\u00e9 \u00e0 partir de ton fichier Excel.<\/p>\n<\/p><\/div>\n<div class=\"table-1\">\n      <input id=\"searchInput\" class=\"press-input\" type=\"search\" placeholder=\"Rechercher...\" \/><br \/>\n      <select id=\"categoryFilter\" class=\"press-select\"><option value=\"\">Toutes les cat\u00e9gories<\/option><\/select>\n    <\/div>\n<\/p><\/div>\n<div class=\"table-1\">\n<table class=\"press-table\">\n<thead>\n<tr>\n<th>Cat\u00e9gorie<\/th>\n<th>M\u00e9dia<\/th>\n<th>Titre<\/th>\n<th>Date<\/th>\n<th>Texte<\/th>\n<th>Lien \/ R\u00e9f\u00e9rence<\/th>\n<\/tr>\n<\/thead>\n<tbody id=\"pressTableBody\"><\/tbody>\n<\/table><\/div>\n<div class=\"table-1\"><\/div>\n<\/section>\n<\/div><\/div><\/div><\/div>\n","protected":false},"excerpt":{"rendered":"","protected":false},"author":1,"featured_media":0,"parent":0,"menu_order":0,"comment_status":"closed","ping_status":"closed","template":"100-width.php","meta":{"_acf_changed":false,"footnotes":""},"class_list":["post-1581","page","type-page","status-publish","hentry"],"acf":[],"_links":{"self":[{"href":"https:\/\/recette.sysa.fr\/index.php\/wp-json\/wp\/v2\/pages\/1581","targetHints":{"allow":["GET"]}}],"collection":[{"href":"https:\/\/recette.sysa.fr\/index.php\/wp-json\/wp\/v2\/pages"}],"about":[{"href":"https:\/\/recette.sysa.fr\/index.php\/wp-json\/wp\/v2\/types\/page"}],"author":[{"embeddable":true,"href":"https:\/\/recette.sysa.fr\/index.php\/wp-json\/wp\/v2\/users\/1"}],"replies":[{"embeddable":true,"href":"https:\/\/recette.sysa.fr\/index.php\/wp-json\/wp\/v2\/comments?post=1581"}],"version-history":[{"count":4,"href":"https:\/\/recette.sysa.fr\/index.php\/wp-json\/wp\/v2\/pages\/1581\/revisions"}],"predecessor-version":[{"id":1584,"href":"https:\/\/recette.sysa.fr\/index.php\/wp-json\/wp\/v2\/pages\/1581\/revisions\/1584"}],"wp:attachment":[{"href":"https:\/\/recette.sysa.fr\/index.php\/wp-json\/wp\/v2\/media?parent=1581"}],"curies":[{"name":"wp","href":"https:\/\/api.w.org\/{rel}","templated":true}]}}