{"id":2282,"date":"2026-05-08T01:13:02","date_gmt":"2026-05-08T01:13:02","guid":{"rendered":"http:\/\/cmtsomv.cluster121.hosting.ovh.net\/?page_id=2282"},"modified":"2026-05-08T01:13:02","modified_gmt":"2026-05-08T01:13:02","slug":"politique-gestion-cookies","status":"publish","type":"page","link":"https:\/\/recette.sysa.fr\/index.php\/programmer-home\/politique-gestion-cookies\/","title":{"rendered":"Politique de Gestion des Cookies"},"content":{"rendered":"<div class=\"fusion-fullwidth fullwidth-box fusion-builder-row-1 fusion-flex-container has-pattern-background has-mask-background hundred-percent-fullwidth non-hundred-percent-height-scrolling\" style=\"--awb-border-radius-top-left:0px;--awb-border-radius-top-right:0px;--awb-border-radius-bottom-right:0px;--awb-border-radius-bottom-left:0px;--awb-padding-top:140px;--awb-padding-right:10%;--awb-padding-bottom:120px;--awb-padding-left:10%;--awb-flex-wrap:wrap;\" ><div class=\"fusion-builder-row fusion-row fusion-flex-align-items-flex-start fusion-flex-justify-content-center fusion-flex-content-wrap\" style=\"width:104% !important;max-width:104% !important;margin-left: calc(-4% \/ 2 );margin-right: calc(-4% \/ 2 );\"><div class=\"fusion-layout-column fusion_builder_column fusion-builder-column-0 fusion_builder_column_2_3 2_3 fusion-flex-column\" style=\"--awb-bg-size:cover;--awb-width-large:66.666666666667%;--awb-margin-top-large:0px;--awb-spacing-right-large:2.88%;--awb-margin-bottom-large:0px;--awb-spacing-left-large:2.88%;--awb-width-medium:66.666666666667%;--awb-spacing-right-medium:2.88%;--awb-spacing-left-medium:2.88%;--awb-width-small:100%;--awb-spacing-right-small:1.92%;--awb-spacing-left-small:1.92%;\"><div class=\"fusion-column-wrapper fusion-flex-justify-content-flex-start fusion-content-layout-column\"><div class=\"fusion-title title fusion-title-1 fusion-no-small-visibility fusion-no-medium-visibility fusion-sep-none fusion-title-rotating fusion-animate-once fusion-title-typeIn fusion-title-size-two\" style=\"--awb-margin-top:0px;--awb-margin-bottom:40px;--awb-margin-top-small:10px;--awb-margin-right-small:0px;--awb-margin-bottom-small:10px;--awb-margin-left-small:0px;--awb-font-size:40px;\"><h2 class=\"fusion-title-heading title-heading-left\" style=\"margin:0;font-size:1em;\"><span class=\"fusion-animated-text-prefix\"><\/span> <span class=\"fusion-animated-texts-wrapper\" style=\"color:var(--awb-color1);text-align: center;\" data-length=\"char\" data-minDisplayTime=\"2600\"><span class=\"fusion-animated-texts\"><span data-in-effect=\"typeIn\" class=\"fusion-animated-text\" data-in-sequence=\"true\" data-out-reverse=\"true\" data-out-effect=\"typeOut\">Politique de Gestion des Cookies<\/span><\/span><\/span> <span class=\"fusion-animated-text-postfix\"><\/span><\/h2><\/div><div class=\"fusion-text fusion-text-1\" style=\"--awb-content-alignment:justify;\"><p class=\"p2\">La pr\u00e9sente politique a pour objet d\u2019informer les utilisateurs du site Internet sysa.fr des cookies et traceurs utilis\u00e9s lors de leur navigation, conform\u00e9ment \u00e0 la<br \/>\nr\u00e9glementation applicable et aux recommandations de la Commission Nationale de l\u2019Informatique et des Libert\u00e9s (CNIL).<\/p>\n<p class=\"p2\"><strong>Qu\u2019est-ce qu\u2019un cookie ?<\/strong><br \/>\nUn cookie est un petit fichier texte d\u00e9pos\u00e9 sur le terminal de l\u2019utilisateur (ordinateur, tablette, smartphone) lors de la consultation d\u2019un site Internet. Il permet au site de m\u00e9moriser des informations relatives \u00e0 la navigation afin d\u2019en am\u00e9liorer le fonctionnement et l\u2019exp\u00e9rience utilisateur.<\/p>\n<p class=\"p2\"><strong>Cookies utilis\u00e9s sur le site Internet sysa.fr<\/strong><br \/>\nLe site Internet sysa.fr utilise deux cat\u00e9gories de cookies :<\/p>\n<p class=\"p2\">A. Cookies strictement n\u00e9cessaires au fonctionnement du site<br \/>\nCes cookies sont indispensables \u00e0 la navigation sur le site et \u00e0 l\u2019utilisation de ses fonctionnalit\u00e9s (m\u00e9morisation de la session, s\u00e9curit\u00e9). Ils ne collectent aucune<br \/>\ninformation \u00e0 des fins publicitaires ou de suivi.<\/p>\n<p class=\"p2\">Base juridique : exempt de consentement (article 82 de la loi Informatique et Libert\u00e9s).<br \/>\nDur\u00e9e : session ou jusqu\u2019\u00e0 13 mois maximum.<\/p>\n<p class=\"p2\">B. Cookie de mesure d&#8217;audience \/ Matomo<\/p>\n<p class=\"p1\">Le site Internet <span class=\"s1\">sysa.fr <\/span>a vocation \u00e0 utiliser Matomo, un outil de mesure d&#8217;audience auto-h\u00e9berg\u00e9. Matomo sera h\u00e9berg\u00e9 sur les serveurs d&#8217;OVH SAS, soci\u00e9t\u00e9 fran\u00e7aise (RCS Lille M\u00e9tropole 424 761 419 00045), dont les datacenters sont situ\u00e9s au sein de l&#8217;Union europ\u00e9enne selon les conditions g\u00e9n\u00e9rales d&#8217;h\u00e9bergement en vigueur.<\/p>\n<p class=\"p1\">Matomo sera configur\u00e9 conform\u00e9ment aux recommandations de la CNIL permettant une exemption de consentement (recommandation CNIL du 17 septembre 2020), notamment : anonymisation de l&#8217;adresse IP avant tout enregistrement, absence de transmission des donn\u00e9es \u00e0 des tiers, dur\u00e9e du cookie limit\u00e9e \u00e0 13 mois, donn\u00e9es utilis\u00e9es exclusivement \u00e0 des fins de statistiques anonymes de fr\u00e9quentation.<\/p>\n<p class=\"p1\">Cette fonctionnalit\u00e9 est en cours de d\u00e9ploiement. Les param\u00e8tres de confidentialit\u00e9 seront v\u00e9rifi\u00e9s et document\u00e9s pr\u00e9alablement \u00e0 toute mise en production. La pr\u00e9sente politique sera mise \u00e0 jour en cons\u00e9quence.<\/p>\n<p class=\"p1\">Base juridique pr\u00e9vue : int\u00e9r\u00eat l\u00e9gitime \/ exempt de consentement. Dur\u00e9e du cookie pr\u00e9vue : 13 mois glissants. H\u00e9bergement pr\u00e9vu : OVH SAS, Union europ\u00e9enne, aucun transfert hors UE.<\/p>\n<p class=\"p1\"><strong>Absence de cookies tiers<\/strong><\/p>\n<p class=\"p1\">Le site Internet <span class=\"s1\">sysa.fr <\/span>ne d\u00e9pose aucun cookie publicitaire, aucun cookie de r\u00e9seaux sociaux, et n\u2019int\u00e8gre aucun traceur provenant de tiers \u00e0 des fins de ciblage ou de profilage comportemental.<\/p>\n<p class=\"p1\">Aucune donn\u00e9e de navigation collect\u00e9e sur le site Internet <span class=\"s1\">sysa.fr <\/span>n\u2019est partag\u00e9e avec des plateformes publicitaires ou des courtiers en donn\u00e9es.<\/p>\n<p><strong>Gestion des cookies par l\u2019utilisateur<\/strong><\/p>\n<p class=\"p1\">L\u2019utilisateur peut \u00e0 tout moment contr\u00f4ler et g\u00e9rer les cookies d\u00e9pos\u00e9s sur son terminal via les param\u00e8tres de son navigateur (liste non exhaustive) :<\/p>\n<p class=\"p3\">Google Chrome : Param\u00e8tres <span class=\"s2\">\u2192 <\/span>Confidentialit\u00e9 et s\u00e9curit\u00e9 <span class=\"s2\">\u2192 <\/span>Cookies et autres donn\u00e9es des sites.<\/p>\n<p class=\"p3\">Mozilla Firefox : Param\u00e8tres <span class=\"s2\">\u2192 <\/span>Vie priv\u00e9e et s\u00e9curit\u00e9 <span class=\"s2\">\u2192 <\/span>Cookies et donn\u00e9es de sites.<\/p>\n<p class=\"p3\">Microsoft Edge : Param\u00e8tres <span class=\"s2\">\u2192 <\/span>Cookies et autorisations de site.<\/p>\n<p class=\"p1\">Safari : Pr\u00e9f\u00e9rences <span class=\"s2\">\u2192 <\/span>Confidentialit\u00e9 <span class=\"s2\">\u2192 <\/span>Cookies.<\/p>\n<p class=\"p1\">La d\u00e9sactivation des cookies strictement n\u00e9cessaires est susceptible d\u2019alt\u00e9rer le fonctionnement du site. La d\u00e9sactivation du cookie Matomo n\u2019affecte pas la navigation.<\/p>\n<p class=\"p1\"><b>Opposition au suivi Matomo <\/b><b><\/b><\/p>\n<p class=\"p1\">Conform\u00e9ment aux recommandations de la CNIL, SYSA offre \u00e0 tout utilisateur la possibilit\u00e9 de s\u2019opposer \u00e0 la mesure d\u2019audience Matomo, m\u00eame en l\u2019absence de bandeau de consentement.<\/p>\n<p class=\"p1\">Pour exercer ce droit d\u2019opposition, l\u2019utilisateur peut : (i) cocher l\u2019option \u00ab Ne pas me pister \u00bb dans les param\u00e8tres de son navigateur, ou (ii) contacter SYSA \u00e0 <span class=\"s1\">contact@sysa.fr <\/span>afin qu\u2019un cookie d\u2019exclusion (opt-out) soit d\u00e9pos\u00e9 sur son terminal.<\/p>\n<p class=\"p1\"><strong>Mise \u00e0 jour de la pr\u00e9sente politique<\/strong><\/p>\n<p class=\"p1\">La pr\u00e9sente politique de gestion des cookies est susceptible d\u2019\u00eatre modifi\u00e9e \u00e0 tout moment par SYSA, notamment en cas d\u2019\u00e9volution l\u00e9gislative ou technique. La version en vigueur est celle accessible sur le site Internet <span class=\"s1\">sysa.fr <\/span>\u00e0 la date de consultation.<\/p>\n<p class=\"p1\">Pour toute question relative \u00e0 la gestion des cookies sur sysa.fr : <span class=\"s1\">contact@sysa.fr<\/span>.<\/p>\n<\/div><\/div><\/div><\/div><\/div>\n","protected":false},"excerpt":{"rendered":"","protected":false},"author":1,"featured_media":0,"parent":1411,"menu_order":0,"comment_status":"closed","ping_status":"open","template":"100-width.php","meta":{"_acf_changed":false,"footnotes":""},"class_list":["post-2282","page","type-page","status-publish","hentry"],"acf":[],"_links":{"self":[{"href":"https:\/\/recette.sysa.fr\/index.php\/wp-json\/wp\/v2\/pages\/2282","targetHints":{"allow":["GET"]}}],"collection":[{"href":"https:\/\/recette.sysa.fr\/index.php\/wp-json\/wp\/v2\/pages"}],"about":[{"href":"https:\/\/recette.sysa.fr\/index.php\/wp-json\/wp\/v2\/types\/page"}],"author":[{"embeddable":true,"href":"https:\/\/recette.sysa.fr\/index.php\/wp-json\/wp\/v2\/users\/1"}],"replies":[{"embeddable":true,"href":"https:\/\/recette.sysa.fr\/index.php\/wp-json\/wp\/v2\/comments?post=2282"}],"version-history":[{"count":1,"href":"https:\/\/recette.sysa.fr\/index.php\/wp-json\/wp\/v2\/pages\/2282\/revisions"}],"predecessor-version":[{"id":2283,"href":"https:\/\/recette.sysa.fr\/index.php\/wp-json\/wp\/v2\/pages\/2282\/revisions\/2283"}],"up":[{"embeddable":true,"href":"https:\/\/recette.sysa.fr\/index.php\/wp-json\/wp\/v2\/pages\/1411"}],"wp:attachment":[{"href":"https:\/\/recette.sysa.fr\/index.php\/wp-json\/wp\/v2\/media?parent=2282"}],"curies":[{"name":"wp","href":"https:\/\/api.w.org\/{rel}","templated":true}]}}