{"id":3,"date":"2026-03-27T21:19:19","date_gmt":"2026-03-27T21:19:19","guid":{"rendered":"http:\/\/cmtsomv.cluster121.hosting.ovh.net\/?page_id=3"},"modified":"2026-05-11T20:33:13","modified_gmt":"2026-05-11T20:33:13","slug":"mentions-legales","status":"publish","type":"page","link":"https:\/\/recette.sysa.fr\/index.php\/programmer-home\/mentions-legales\/","title":{"rendered":"Mentions l\u00e9gales"},"content":{"rendered":"<div class=\"fusion-fullwidth fullwidth-box fusion-builder-row-1 fusion-flex-container has-pattern-background has-mask-background hundred-percent-fullwidth non-hundred-percent-height-scrolling\" style=\"--awb-border-radius-top-left:0px;--awb-border-radius-top-right:0px;--awb-border-radius-bottom-right:0px;--awb-border-radius-bottom-left:0px;--awb-padding-top:140px;--awb-padding-right:10%;--awb-padding-bottom:120px;--awb-padding-left:10%;--awb-flex-wrap:wrap;\" ><div class=\"fusion-builder-row fusion-row fusion-flex-align-items-flex-start fusion-flex-justify-content-center fusion-flex-content-wrap\" style=\"width:104% !important;max-width:104% !important;margin-left: calc(-4% \/ 2 );margin-right: calc(-4% \/ 2 );\"><div class=\"fusion-layout-column fusion_builder_column fusion-builder-column-0 fusion_builder_column_2_3 2_3 fusion-flex-column\" style=\"--awb-bg-size:cover;--awb-width-large:66.666666666667%;--awb-margin-top-large:0px;--awb-spacing-right-large:2.88%;--awb-margin-bottom-large:0px;--awb-spacing-left-large:2.88%;--awb-width-medium:66.666666666667%;--awb-spacing-right-medium:2.88%;--awb-spacing-left-medium:2.88%;--awb-width-small:100%;--awb-spacing-right-small:1.92%;--awb-spacing-left-small:1.92%;\"><div class=\"fusion-column-wrapper fusion-flex-justify-content-flex-start fusion-content-layout-column\"><div class=\"fusion-title title fusion-title-1 fusion-no-small-visibility fusion-no-medium-visibility fusion-sep-none fusion-title-rotating fusion-animate-once fusion-title-typeIn fusion-title-size-two\" style=\"--awb-margin-top:0px;--awb-margin-bottom:40px;--awb-margin-top-small:10px;--awb-margin-right-small:0px;--awb-margin-bottom-small:10px;--awb-margin-left-small:0px;--awb-font-size:40px;\"><h2 class=\"fusion-title-heading title-heading-left\" style=\"margin:0;font-size:1em;\"><span class=\"fusion-animated-text-prefix\"><\/span> <span class=\"fusion-animated-texts-wrapper\" style=\"color:var(--awb-color1);text-align: center;\" data-length=\"char\" data-minDisplayTime=\"2600\"><span class=\"fusion-animated-texts\"><span data-in-effect=\"typeIn\" class=\"fusion-animated-text\" data-in-sequence=\"true\" data-out-reverse=\"true\" data-out-effect=\"typeOut\">Mentions l\u00e9gales<\/span><\/span><\/span> <span class=\"fusion-animated-text-postfix\"><\/span><\/h2><\/div><div class=\"fusion-text fusion-text-1\" style=\"--awb-content-alignment:justify;\"><p><strong>\u00c9diteur du site<\/strong><\/p>\n<p class=\"p2\">SYSA est soci\u00e9t\u00e9 par actions simplifi\u00e9e unipersonnelle (SASU) au capital variable initial de 1 000 \u20ac, dont le si\u00e8ge social est situ\u00e9 au 27 rue des Laiti\u00e8res, 94300 \u00e0 Vincennes. SIREN : 100 901 586. SIRET : 100 901 586 00014. Num\u00e9ro de TVA intracommunautaire : FR71100901586. Pr\u00e9sident : Na\u00efm Allahoum.<\/p>\n<p class=\"p2\">SYSA est enregistr\u00e9e aupr\u00e8s de l\u2019ORIAS en qualit\u00e9 de Conseiller en Investissement Financier (CIF) sous le num\u00e9ro [NUM\u00c9RO ORIAS] \u2014 <span class=\"s2\">orias.fr. <\/span><\/p>\n<p class=\"p4\"><span class=\"s3\">Contact : <\/span>contact@sysa.fr.<\/p>\n<p><strong>Directeur de la publication<\/strong><\/p>\n<p class=\"p2\">Na\u00efm Allahoum, Pr\u00e9sident de SYSA.<\/p>\n<p><strong>H\u00e9bergement<\/strong><\/p>\n<p class=\"p2\">Le site sysa.fr est h\u00e9berg\u00e9 par : OVH SAS, 2 rue Kellermann \u2014 59100 Roubaix. RCS Lille M\u00e9tropole 424 761 419 00045. T\u00e9l\u00e9phone : 1007.<\/p>\n<p class=\"p2\"><strong>Propri\u00e9t\u00e9 intellectuelle<\/strong><\/p>\n<p class=\"p2\">L\u2019ensemble des contenus pr\u00e9sents sur le site Internet <span class=\"s2\">sysa.fr <\/span>(textes, graphiques, logos, m\u00e9thodologies, indices, etc\u2026) sont la propri\u00e9t\u00e9 exclusive de SYSA ou de ses partenaires, et sont prot\u00e9g\u00e9s par les lois fran\u00e7aises et internationales relatives \u00e0 la propri\u00e9t\u00e9 intellectuelle.<\/p>\n<p class=\"p1\">Toute reproduction, repr\u00e9sentation, modification ou exploitation, totale ou partielle, de ces contenus sans autorisation expresse et pr\u00e9alable de SYSA est strictement interdite.<\/p>\n<p><strong>Liens hypertextes<\/strong><\/p>\n<p class=\"p1\">SYSA ne peut \u00eatre tenue responsable du contenu des sites tiers vers lesquels des liens hypertextes pourraient \u00eatre \u00e9tablis depuis le site Internet <span class=\"s1\">sysa.fr<\/span>. La cr\u00e9ation de liens hypertextes pointant vers le site Internet <span class=\"s1\">sysa.fr <\/span>est soumise \u00e0 l\u2019accord pr\u00e9alable de SYSA.<\/p>\n<p><strong>Limitation de responsabilit\u00e9<\/strong><\/p>\n<p class=\"p1\">Les informations publi\u00e9es sur le site Internet <span class=\"s1\">sysa.fr <\/span>ont un caract\u00e8re g\u00e9n\u00e9ral et informatif. Elles ne constituent en aucun cas un conseil en investissement, une recommandation d\u2019achat ou de vente de valeurs mobili\u00e8res, ou de tout autre instrument financier, ni une offre de service au sens de la r\u00e9glementation applicable. SYSA s\u2019efforce d\u2019assurer l\u2019exactitude et la mise \u00e0 jour des informations diffus\u00e9es, sans toutefois pouvoir en garantir l\u2019exhaustivit\u00e9 ni l\u2019absence d\u2019erreur.<\/p>\n<p class=\"p1\"><strong>Donn\u00e9es personnelles et cookies<\/strong><\/p>\n<p class=\"p1\">Le traitement des donn\u00e9es personnelles collect\u00e9es sur le site Internet <span class=\"s1\">sysa.fr <\/span>est r\u00e9gi par la <b>Politique de Protection des Donn\u00e9es Personnelles <\/b>accessible sur le site. Le recours aux cookies est d\u00e9taill\u00e9 dans la <b>Politique de Gestion des Cookies<\/b>.<\/p>\n<p><strong>R\u00e9mun\u00e9ration<\/strong><\/p>\n<p class=\"p1\">En qualit\u00e9 de Conseiller en Investissements Financiers (CIF) non ind\u00e9pendant au sens de l\u2019article 325-5 du RGAMF, SYSA per\u00e7oit deux types de r\u00e9mun\u00e9ration : (i) des honoraires de conseil bas\u00e9s sur la commercialisation de <b>portefeuilles mod\u00e8les <\/b>(forfait fixe et\/ou commission index\u00e9es sur des encours conseill\u00e9s), et (ii) des frais de conseil int\u00e9gr\u00e9s dans des frais de gestion de supports d\u2019investissement, r\u00e9pliquant de mani\u00e8re passive des indices refl\u00e9tant des <b>portefeuilles mod\u00e8les <\/b>d\u00e9velopp\u00e9s par SYSA. Le d\u00e9tail de la r\u00e9mun\u00e9ration est communiqu\u00e9 au client dans le <b>Document d\u2019Entr\u00e9e en Relation <\/b>et dans la <b>lettre de mission<\/b>.<\/p>\n<p><strong>M\u00e9diateur et autorit\u00e9 de tutelle<\/strong><\/p>\n<p class=\"p2\">En cas de litige, le client peut saisir le M\u00e9diateur de l\u2019AMF : Autorit\u00e9 des March\u00e9s Financiers, 17 Place de la Bourse, 75082 Paris Cedex 02 \/ <span class=\"s1\">amf-france.org<\/span>. L\u2019activit\u00e9 de conseil en investissements financiers de SYSA est plac\u00e9e sous le contr\u00f4le de l\u2019Autorit\u00e9 des March\u00e9s Financiers (AMF) \/ <span class=\"s1\">amf-france.org<\/span>.<\/p>\n<p class=\"p2\"><strong>Partenaires impliqu\u00e9s dans le stockage des donn\u00e9es (Loi SREN 2024)<\/strong><\/p>\n<p class=\"p2\">Conform\u00e9ment aux dispositions de la loi n\u00b0 2024-449 du 21 mai 2024 visant \u00e0 s\u00e9curiser et r\u00e9guler l\u2019espace num\u00e9rique (loi SREN), SYSA identifie les partenaires impliqu\u00e9s dans le stockage des donn\u00e9es du site internet <span class=\"s1\">sysa.fr <\/span><span class=\"s2\">: <\/span><\/p>\n<p class=\"p2\"><b>H\u00e9bergement du site : <\/b>OVH SAS, 2 rue Kellermann, 59100 Roubaix \/ RCS Lille M\u00e9tropole 424 761 419 00045.<\/p>\n<p class=\"p2\"><b>Stockage des donn\u00e9es internes : <\/b>Leviia SAS \/ cloud professionnel fran\u00e7ais h\u00e9berg\u00e9 en France. Les donn\u00e9es collect\u00e9es sur le site (formulaire de contact, newsletter) sont stock\u00e9es exclusivement sur infrastructure Leviia situ\u00e9e en Union europ\u00e9enne, conform\u00e9ment aux conditions g\u00e9n\u00e9rales de service en vigueur.<\/p>\n<\/div><\/div><\/div><\/div><\/div>\n","protected":false},"excerpt":{"rendered":"","protected":false},"author":1,"featured_media":0,"parent":1411,"menu_order":0,"comment_status":"closed","ping_status":"open","template":"100-width.php","meta":{"_acf_changed":false,"footnotes":""},"class_list":["post-3","page","type-page","status-publish","hentry"],"acf":[],"_links":{"self":[{"href":"https:\/\/recette.sysa.fr\/index.php\/wp-json\/wp\/v2\/pages\/3","targetHints":{"allow":["GET"]}}],"collection":[{"href":"https:\/\/recette.sysa.fr\/index.php\/wp-json\/wp\/v2\/pages"}],"about":[{"href":"https:\/\/recette.sysa.fr\/index.php\/wp-json\/wp\/v2\/types\/page"}],"author":[{"embeddable":true,"href":"https:\/\/recette.sysa.fr\/index.php\/wp-json\/wp\/v2\/users\/1"}],"replies":[{"embeddable":true,"href":"https:\/\/recette.sysa.fr\/index.php\/wp-json\/wp\/v2\/comments?post=3"}],"version-history":[{"count":9,"href":"https:\/\/recette.sysa.fr\/index.php\/wp-json\/wp\/v2\/pages\/3\/revisions"}],"predecessor-version":[{"id":2339,"href":"https:\/\/recette.sysa.fr\/index.php\/wp-json\/wp\/v2\/pages\/3\/revisions\/2339"}],"up":[{"embeddable":true,"href":"https:\/\/recette.sysa.fr\/index.php\/wp-json\/wp\/v2\/pages\/1411"}],"wp:attachment":[{"href":"https:\/\/recette.sysa.fr\/index.php\/wp-json\/wp\/v2\/media?parent=3"}],"curies":[{"name":"wp","href":"https:\/\/api.w.org\/{rel}","templated":true}]}}